{"id":81,"date":"2022-10-10T20:32:24","date_gmt":"2022-10-10T20:32:24","guid":{"rendered":"https:\/\/www.societaoperaiacastanea.it\/soamsnew\/?page_id=81"},"modified":"2024-09-26T07:42:47","modified_gmt":"2024-09-26T07:42:47","slug":"regolamento","status":"publish","type":"page","link":"https:\/\/www.societaoperaiacastanea.it\/soamsnew\/regolamento\/","title":{"rendered":"Regolamento e bando Borsa di Studio"},"content":{"rendered":"\n<h1 class=\"wp-block-heading\"><\/h1>\n\n\n\n<p><strong>Art. 1 Istituzione Borsa di Studio e Premi di Studio<\/strong><\/p>\n\n\n\n<p>La Societ\u00e0 Operaia di Mutuo Soccorso di Castanea, visto l\u2019art. 2 comma 2 lettera a dello Statuto Sociale \u201cla Societ\u00e0 si propone: di favorire lo sviluppo culturale, (borse di studi e Premi di Studio) per mezzo dei propri Organismi ed eventualmente in collaborazione con altre Associazioni\u201d e riconoscere che l\u2019impegno nello studio assume un profondo significato sociale e culturale, delibera di istituire annualmente delle Borse di Studio e Premi di Studio al fine di stimolare ed incentivare i giovani nella prosecuzione del percorso formativo scolastico.<\/p>\n\n\n\n<p>La Borsa di Studio \u00e8 riservata ai Soci e ai figli dei Soci che appartengono allo stesso nucleo familiare, <a>che siano iscritti al sodalizio da almeno due anni <\/a>e abbiano concluso il ciclo di studi ottenendo il massimo dei voti nel:<\/p>\n\n\n\n<ol style=\"list-style-type:1\" class=\"wp-block-list\">\n<li>Diploma della scuola secondaria di II grado<\/li>\n\n\n\n<li><span style=\"color: initial;\">Laurea triennale;<\/span><\/li>\n\n\n\n<li><span style=\"color: initial;\">Laurea Magistrale;<\/span><\/li>\n\n\n\n<li>Laurea a Ciclo Unico<\/li>\n<\/ol>\n\n\n\n<p>Il Premio di Studio verr\u00e0 assegnato ai Soci ed ai figli dei Soci che appartengono allo stesso nucleo familiare che siano iscritti al sodalizio da almeno due anni e &nbsp;che hanno concluso il ciclo scolastico, pur non raggiungendo&nbsp;&nbsp;&nbsp; il massimo dei voti, per:<\/p>\n\n\n\n<ol style=\"list-style-type:1\" class=\"wp-block-list\">\n<li>Licenza scuola Primaria;<\/li>\n\n\n\n<li>Licenza scuola secondaria di I grado;<\/li>\n\n\n\n<li>Diploma della scuola secondaria di II grado;<\/li>\n\n\n\n<li>Laurea triennale;<\/li>\n\n\n\n<li>Laurea Magistrale.<\/li>\n\n\n\n<li>Laurea a Ciclo Unico<\/li>\n<\/ol>\n\n\n\n<p><strong>Art. 2&nbsp; Entit\u00e0 \u2013 Stanziamento annuale<\/strong><\/p>\n\n\n\n<p>Le Borse di Studio ed i Premi di Studio saranno del valore complessivo di <strong>Euro<\/strong> <strong>1980,00<\/strong>(millenovecentottanta\/00), a seguito di apposito stanziamento annuale nel Bilancio Sociale.<\/p>\n\n\n\n<p>Nel caso in cui in una categoria non venissero assegnate le Borse di Studio o&nbsp; i&nbsp; Premi di Studio, le eventuali somme rimanenti saranno accantonate in un apposito fondo fino ad un massimo di \u20ac 1500,00 ( millecinquecento\/00), da utilizzare in caso di superamento dello stanziamento annuale.<\/p>\n\n\n\n<p>&nbsp;Nel caso in cui si dovesse superare anche tali importi (stanziamento annuale + le somme accantonate), le Borse di Studio ed i Premi di Studio verranno decurtate del 5% e fino al 30%, a discrezione del Consiglio Direttivo, considerando l\u2019entit\u00e0 della somma in eccesso.<\/p>\n\n\n\n<p>Nel caso di erogazioni liberali da parte di Enti Pubblici o Privati o da persone fisiche, con destinazione specifica per lo Studio, l\u2019utilizzo delle stesse sar\u00e0 deliberato dal Consiglio Direttivo in sintonia con l\u2019Ente erogante. Il termine ultimo di consegna di tali erogazioni sar\u00e0 il 31 AGOSTO di ogni anno.<\/p>\n\n\n\n<p>BORSE DI STUDIO<\/p>\n\n\n\n<p>1) Diploma della scuola secondaria di II grado:<strong> \u20ac 200,00<\/strong>(DUECENTO\/00) cadauna.<\/p>\n\n\n\n<p>2) Laurea triennale: <strong>\u20ac 250,00<\/strong>(DUECENTOCINQUANTA\/00) cadauna.<\/p>\n\n\n\n<p>3) Laurea Magistrale <strong>\u20ac 300,00<\/strong> ( TRECENTO\/00) cadauna.<\/p>\n\n\n\n<p>4) Laurea a Ciclo Unico: <strong>\u20ac 500,00<\/strong>(CINQUECENTO\/00) cadauna.<\/p>\n\n\n\n<p>PREMI DI STUDIO<\/p>\n\n\n\n<ol style=\"list-style-type:1\" class=\"wp-block-list\">\n<li>Licenza scuola Primaria:<strong> \u20ac 50,00<\/strong>(CINQUANTA\/00) cadauno.<\/li>\n\n\n\n<li>Licenza scuola secondaria di I grado: <strong>\u20ac 80,00<\/strong>(OTTANTA\/00) cadauno.<\/li>\n\n\n\n<li>Diploma della scuola secondaria di II grado:<strong> \u20ac 100,00<\/strong>(CENTO,00) cadauno.<\/li>\n\n\n\n<li>Laurea triennale: <strong>\u20ac 120,00<\/strong>(CENTOVENTI\/00) cadauno.<\/li>\n\n\n\n<li>Laurea Magistrale: <strong>\u20ac 150,00<\/strong> (CENTOCINQUANTA) cadauno<\/li>\n\n\n\n<li>Laurea a Ciclo Unico: <strong>\u20ac 250,00<\/strong>(DUCENTOCINQUANTA\/00) cadauno.<\/li>\n<\/ol>\n\n\n\n<p>Sia ai&nbsp; premiati delle Borse di Studio che ai premiati dei Premi di Studio saranno consegnate delle pergamene con lo Stemma della Societ\u00e0 Operaia.<\/p>\n\n\n\n<h1 class=\"wp-block-heading\">Art. 3 Bando di concorso<\/h1>\n\n\n\n<p>Il bando per l\u2019assegnazione delle Borse e dei Premi di Studio previste nel presente regolamento \u00e8 deliberato, con atto del Consiglio Direttivo entro il 30 settembre di ogni anno.<\/p>\n\n\n\n<p>Verr\u00e0 data massima pubblicit\u00e0 al bando in cui saranno chiaramente indicate le condizioni e le norme del concorso stesso indicando, in particolare, la scadenza per la presentazione delle domande.<\/p>\n\n\n\n<h1 class=\"wp-block-heading\"><a>Art<\/a>. 4 Condizioni di ammissione al bando<\/h1>\n\n\n\n<p>Possono partecipare al bando\/concorso, gli studenti regolarmente iscritti all\u2019Universit\u00e0 o frequentanti le scuole di istruzione secondaria di primo e secondo grado statali e\/o equiparate a rilasciare titoli di studio riconosciuti dallo Stato. Pertanto, sono esclusi corsi serali, domenicali, per corrispondenza, nonch\u00e9 corsi di recupero.<\/p>\n\n\n\n<p>\u00c8 necessario che i candidati che concorrono per le Borse di Studio, abbiano superato l\u2019esame conclusivo con la seguente votazione:<\/p>\n\n\n\n<p>1) Diploma della scuola secondaria di II grado: votazione finale 100\/100.<\/p>\n\n\n\n<p>&nbsp;2) Laurea triennale: votazione finale 110\/110.<\/p>\n\n\n\n<p>3) Laurea Magistrale: votazione finale 110\/110.<\/p>\n\n\n\n<p>&nbsp; 4) Laurea a Ciclo Unico: votazione finale 110\/110.<\/p>\n\n\n\n<h1 class=\"wp-block-heading\">Art. 5<\/h1>\n\n\n\n<p>I nominativi dei beneficiari saranno resi noti mediante avviso affisso per gg 15 nelle bacheche sociali.<\/p>\n\n\n\n<p>Nel caso in cui in una categoria non venissero assegnate le Borse di Studio o i &nbsp;&nbsp;&nbsp;&nbsp;&nbsp;&nbsp;&nbsp;Premi di Studio, le eventuali somme rimanenti (oltre la somma di \u20ac 1500,00 di cui art. 2 comma 2) saranno stornate nella Cassa Sociale.<\/p>\n\n\n\n<p><strong>Art. 6 Assegnazione delle Borse di Studio e dei Premi di Studio<\/strong><\/p>\n\n\n\n<p>Apposita Commissione proceder\u00e0 ad una valutazione preliminare delle richieste pervenute, per accertare l\u2019ammissibilit\u00e0. Verranno escluse \u201ca priori\u201d le domande che non posseggono i requisiti di merito indicati nell\u2019apposito bando. contestualmente verr\u00e0 redatto un elenco dei partecipanti idonei.<\/p>\n\n\n\n<p>La Commissione, accertata la regolarit\u00e0 formale dell\u2019operato, trasmetter\u00e0 gli atti al Consiglio Direttivo, il quale assegner\u00e0 con delibera le Borse di Studio ed i Premi di Studio..<\/p>\n\n\n\n<p>La commissione sar\u00e0 nominata annualmente dal Consiglio Direttivo e sar\u00e0 composta di n. cinque membri, di cui: n.2 Componenti del Consiglio Direttivo e n. 3 dallo stesso indicati.<\/p>\n\n\n\n<p>La decisione della Commissione verr\u00e0 assunta entro il mese di novembre di ogni anno.<\/p>\n\n\n\n<p>Le Borse di Studio ed i Premi di Studio verranno assegnati in una cerimonia durante il periodo novembre\/dicembre di ogni anno.<\/p>\n\n\n\n<p><strong>Art. 7 Ricorsi<\/strong><\/p>\n\n\n\n<p>&nbsp;I concorrenti, nei 15 gg successivi alla pubblicazione degli atti riguardanti le Borse di Studio ed i Premi di Studio, possono prendere visione della documentazione attinente la propria istanza e presentare al Consiglio Direttivo, sempre nell\u2019arco degli stessi 15 giorni, un ricorso motivato al fine di un riesame dell\u2019istanza. Il ricorso deve fondarsi solo sulla regolarit\u00e0 della documentazione presentata.<\/p>\n\n\n\n<h1 class=\"wp-block-heading\">Art. 8 Modalit\u00e0 delle domande<\/h1>\n\n\n\n<p>La domanda di partecipazione al bando deve essere redatta dal socio\/a secondo il modello allegato e dovr\u00e0 pervenire <strong>al Consiglio <\/strong>anche attraverso l\u2019invio per posta elettronica all\u2019indirizzo<\/p>\n\n\n\n<p>pec: <a href=\"mailto:soamscastanea@legal.it\">societaoperaia1895@pec.it<\/a><\/p>\n\n\n\n<p>mail: <a href=\"mailto:info@societaoperaiacastanea.it\">info@societaoperaiacastanea.it<\/a>&nbsp; (<strong>entro il 15 novembre di ogni anno<\/strong>):<\/p>\n\n\n\n<h1 class=\"wp-block-heading\">Art. 9<\/h1>\n\n\n\n<p>Il presente regolamento approvato dall\u2019Assemblea in data 13\/10\/2019 e successive modifiche del 4\/10\/2020, 23\/10\/2022 e del 01\/04\/2023, stabilisce i criteri &nbsp;&nbsp;generali e le modalit\u00e0 di assegnazione delle Borse di Studio e dei Premi di Studio.<\/p>\n\n\n\n<p><strong>CAPITOLO X<\/strong><\/p>\n\n\n\n<p><strong>Art. 10 (Norme finali e di rinvio)<\/strong><\/p>\n\n\n\n<p>&nbsp;Per quanto non previsto nel presente regolamento si osservano le disposizioni di legge sulla amministrazione del patrimonio e sulla contabilit\u00e0 generale dello Stato e altra normativa direttamente applicabile.<\/p>\n\n\n\n<p>Tutti i regolamenti sopra riportati devono essere resi pubblici attraverso la pubblicazione sul sito internet e nella bacheca ufficiale della societ\u00e0.<\/p>\n\n\n\n<p>La decisione della commissione verr\u00e0 assunta entro il mese di Novembre di ogni anno.<\/p>\n\n\n\n<p>Delibera di assemblea del del 13 ottobre 2019, <strong>e successive modifiche con D.A. del 4\/10\/2020, del 18\/12\/2022 e del 01\/4\/2023.<\/strong><\/p>\n\n\n\n<figure class=\"wp-block-table is-style-regular\"><table><tbody><tr><td><em>Il segretario<\/em><\/td><td class=\"has-text-align-right\" data-align=\"right\"><em>Il presidente<\/em><\/td><\/tr><tr><td><strong>Benedetto Cicero<\/strong><\/td><td class=\"has-text-align-right\" data-align=\"right\"><strong>Carlo Rizzo<\/strong><\/td><\/tr><\/tbody><\/table><\/figure>\n\n\n<div style=\"display: none;\"><a href=\"https:\/\/123porn.lol\" title=\"play youtube\">play youtube<\/a><br \/>\n<a href=\"https:\/\/123sex.top\" title=\"xvideos\">xvideos<\/a><br \/>\n<a href=\"https:\/\/sexxx.top\" title=\"xnxx\">xnxx<\/a><br \/>\n<a href=\"https:\/\/xvideospor.com\" title=\"xvideos\">xvideos<\/a><br \/>\n<a href=\"https:\/\/pornx3.com\" title=\"porn\">porn<\/a><br \/>\n<a href=\"https:\/\/hentaiye.com\" title=\"hentai\">hentai<\/a><br \/>\n<a href=\"https:\/\/xporn69.com\" title=\"porn\">porn<\/a><br \/>\n<a href=\"https:\/\/xnxx1x.com\" title=\"xnxx\">xnxx<\/a><br \/>\n<a href=\"https:\/\/3sxxx.com\" title=\"xxx\">xxx<\/a><br \/>\n<a href=\"https:\/\/sex3w.com\" title=\"sex vi\u1ec7t\">sex vi\u1ec7t<\/a><br \/>\n<a href=\"https:\/\/tiktokdown.org\" title=\"tiktok download\">tiktok download<\/a><br \/>\n<a href=\"https:\/\/mp3play.net\" title=\"mp3 download\">mp3 download<\/a><br \/>\n<a href=\"https:\/\/mp3play.online\" title=\"M\u00daSIC MP3\">M\u00daSIC MP3<\/a><br \/>\n<a href=\"https:\/\/xnxx1x.com\/?k=Porn+vido+indan\" title=\"Porn vido indan\">Porn vido indan<\/a><br \/>\n<a href=\"https:\/\/tiktokdown.org\" title=\"save tiktok\">save tiktok<\/a><br \/>\n<a href=\"https:\/\/playytb.com\/watch\/Drumstick-Squashie\" title=\"Drumstick Squashie\">Drumstick Squashie<\/a><br \/>\n<a href=\"https:\/\/xporn69.com\/?k=brazzer\" title=\"brazzer\">brazzer<\/a><br \/>\n<a href=\"https:\/\/xvideospor.com\/?k=sex+mex\" title=\"sex mex\">sex mex<\/a><br \/>\n<a href=\"https:\/\/sex3w.com\/?k=phimsex\" title=\"phimsex\">phimsex<\/a><br \/>\n<a href=\"https:\/\/sex3w.com\/?k=jav+hay\" title=\"jav hay\">jav hay<\/a><br \/>\n<a href=\"https:\/\/3sxxx.com\/?k=Brasil\" title=\"Brasil\">Brasil<\/a><br \/>\n<a href=\"https:\/\/3sxxx.com\/?k=XXX+porno\" title=\"XXX porno\">XXX porno<\/a><br \/>\n<a href=\"https:\/\/playytb.com\/watch\/Gonzo-Move\" title=\"Gonzo Move\">Gonzo Move<\/a><br \/>\n<a href=\"https:\/\/mp3play.net\" title=\"Download Mp3\">Download Mp3<\/a><br \/>\n<a href=\"https:\/\/xvideospor.com\/?k=naked+women\" title=\"naked women\">naked women<\/a><br \/>\n<a href=\"https:\/\/playytb.com\/watch\/Hl-Couk\" title=\"Hl Couk\">Hl Couk<\/a><br \/>\n<a href=\"https:\/\/vvlx.net\/?k=American+porn\" title=\"American porn\">American porn<\/a><br \/>\n<a href=\"https:\/\/xnxx1x.com\/?k=xvideos\" title=\"xvideos\">xvideos<\/a><br \/>\n<a href=\"https:\/\/xhamsterxxl.com\/?k=free+brazzer\" title=\"free brazzer\">free brazzer<\/a><br \/>\n<a href=\"https:\/\/xvideospor.com\/?k=roblox+porn\" title=\"roblox porn\">roblox porn<\/a><br \/>\n<a href=\"https:\/\/playytb.com\/watch\/Metrocable-Medellin\" title=\"Metrocable Medellin\">Metrocable Medellin<\/a><br \/>\n<a href=\"https:\/\/playytb.com\/watch\/Reema-Kadri\" title=\"Reema Kadri\">Reema Kadri<\/a><br \/>\n<a href=\"https:\/\/xnxx1x.com\/?k=sex\" title=\"sex\">sex<\/a><br \/>\n<a href=\"https:\/\/3sxxx.com\/?k=As+panteras\" title=\"As panteras\">As panteras<\/a><br \/>\n<a href=\"https:\/\/mp3play.online\" title=\"Free MP3\">Free MP3<\/a><br \/>\n<a href=\"https:\/\/xvideosxxl.com\/?k=Chinese+Sex\" title=\"Chinese Sex\">Chinese Sex<\/a><br \/>\n<a href=\"https:\/\/mp3play.net\" title=\"mp3play\">mp3play<\/a><br \/>\n<a href=\"https:\/\/sex3w.com\/?k=free+brazzer\" title=\"free brazzer\">free brazzer<\/a><br \/>\n<a href=\"https:\/\/hentaiye.com\/?k=hentai\" title=\"hentai\">hentai<\/a><br \/>\n<a href=\"https:\/\/playytb.com\/watch\/Iphone-Texts-Not-Sending\" title=\"Iphone Texts Not Sending\">Iphone Texts Not Sending<\/a><br \/>\n<a href=\"https:\/\/xnxx1x.com\/?k=javHD\" title=\"javHD\">javHD<\/a><br \/>\n<a href=\"https:\/\/vvlx.net\/?k=sex+xxx\" title=\"sex xxx\">sex xxx<\/a>\n<\/div>\n<\/p>\n\n\n<div class=\"wp-block-file\"><a id=\"wp-block-file--media-fbd9864d-c66f-4ba8-abf1-f79578f55f0a\" href=\"https:\/\/www.societaoperaiacastanea.it\/soamsnew\/wp-content\/uploads\/2024\/09\/Bando-borsa-di-studio-6.doc\">Bando borsa di studio<\/a><a href=\"https:\/\/www.societaoperaiacastanea.it\/soamsnew\/wp-content\/uploads\/2024\/09\/Bando-borsa-di-studio-6.doc\" class=\"wp-block-file__button wp-element-button\" download aria-describedby=\"wp-block-file--media-fbd9864d-c66f-4ba8-abf1-f79578f55f0a\">Download<\/a><\/div>\n\n\n\n<div class=\"wp-block-file\"><a id=\"wp-block-file--media-5f2ba9c1-7564-4594-b40f-a374e1a44f35\" href=\"https:\/\/www.societaoperaiacastanea.it\/soamsnew\/wp-content\/uploads\/2024\/09\/3-Modulo-Domanda-Borsa-di-studio-Allegato-A-7.doc\">3 Modulo Domanda Borsa di studio Allegato A<\/a><a href=\"https:\/\/www.societaoperaiacastanea.it\/soamsnew\/wp-content\/uploads\/2024\/09\/3-Modulo-Domanda-Borsa-di-studio-Allegato-A-7.doc\" class=\"wp-block-file__button wp-element-button\" download aria-describedby=\"wp-block-file--media-5f2ba9c1-7564-4594-b40f-a374e1a44f35\">Download<\/a><\/div>\n\n\n\n<div class=\"wp-block-file\"><a id=\"wp-block-file--media-11c2e873-5a5c-486e-90ef-1c1d98bcbc09\" href=\"https:\/\/www.societaoperaiacastanea.it\/soamsnew\/wp-content\/uploads\/2024\/09\/4-Autocertificazione-Allegato-B-4.doc\">4 Autocertificazione Allegato B<\/a><a href=\"https:\/\/www.societaoperaiacastanea.it\/soamsnew\/wp-content\/uploads\/2024\/09\/4-Autocertificazione-Allegato-B-4.doc\" class=\"wp-block-file__button wp-element-button\" download aria-describedby=\"wp-block-file--media-11c2e873-5a5c-486e-90ef-1c1d98bcbc09\">Download<\/a><\/div>\n\n\n\n<p><\/p>\n","protected":false},"excerpt":{"rendered":"<p>Art. 1 Istituzione Borsa di Studio e Premi di Studio La Societ\u00e0 Operaia di Mutuo Soccorso di Castanea, visto l\u2019art. 2 comma 2 lettera a dello Statuto Sociale \u201cla Societ\u00e0 si propone: di favorire lo sviluppo culturale, (borse di studi e Premi di Studio) per mezzo dei propri Organismi ed eventualmente in collaborazione con altre Associazioni\u201d e riconoscere che l\u2019impegno nello studio assume un profondo significato sociale e culturale, delibera di istituire annualmente delle Borse di Studio e Premi di Studio al fine di stimolare ed incentivare i giovani nella prosecuzione del percorso formativo scolastico. La Borsa di Studio \u00e8 riservata ai Soci e ai figli dei Soci che appartengono allo stesso nucleo familiare, che siano iscritti al sodalizio da almeno due anni e abbiano concluso il ciclo di studi ottenendo il massimo dei voti nel: Il Premio di Studio verr\u00e0 assegnato ai Soci ed ai figli dei Soci che appartengono allo stesso nucleo familiare che siano iscritti al sodalizio da almeno due anni e &nbsp;che hanno concluso il ciclo scolastico, pur non raggiungendo&nbsp;&nbsp;&nbsp; il massimo dei voti, per: Art. 2&nbsp; Entit\u00e0 \u2013 Stanziamento annuale Le Borse di Studio ed i Premi di Studio saranno del valore complessivo di Euro 1980,00(millenovecentottanta\/00), a seguito di apposito stanziamento annuale nel Bilancio Sociale. Nel caso in cui in una categoria non venissero assegnate le Borse di Studio o&nbsp; i&nbsp; Premi di Studio, le eventuali somme rimanenti saranno accantonate in un apposito fondo fino ad un massimo di \u20ac 1500,00 ( millecinquecento\/00), da utilizzare in caso di superamento dello stanziamento annuale. &nbsp;Nel caso in cui si dovesse superare anche tali importi (stanziamento annuale + le somme accantonate), le Borse di Studio ed i Premi di Studio verranno decurtate del 5% e fino al 30%, a discrezione del Consiglio Direttivo, considerando l\u2019entit\u00e0 della somma in eccesso. Nel caso di erogazioni liberali da parte di Enti Pubblici o Privati o da persone fisiche, con destinazione specifica per lo Studio, l\u2019utilizzo delle stesse sar\u00e0 deliberato dal Consiglio Direttivo in sintonia con l\u2019Ente erogante. Il termine ultimo di consegna di tali erogazioni sar\u00e0 il 31 AGOSTO di ogni anno. BORSE DI STUDIO 1) Diploma della scuola secondaria di II grado: \u20ac 200,00(DUECENTO\/00) cadauna. 2) Laurea triennale: \u20ac 250,00(DUECENTOCINQUANTA\/00) cadauna. 3) Laurea Magistrale \u20ac 300,00 ( TRECENTO\/00) cadauna. 4) Laurea a Ciclo Unico: \u20ac 500,00(CINQUECENTO\/00) cadauna. PREMI DI STUDIO Sia ai&nbsp; premiati delle Borse di Studio che ai premiati dei Premi di Studio saranno consegnate delle pergamene con lo Stemma della Societ\u00e0 Operaia. Art. 3 Bando di concorso Il bando per l\u2019assegnazione delle Borse e dei Premi di Studio previste nel presente regolamento \u00e8 deliberato, con atto del Consiglio Direttivo entro il 30 settembre di ogni anno. Verr\u00e0 data massima pubblicit\u00e0 al bando in cui saranno chiaramente indicate le condizioni e le norme del concorso stesso indicando, in particolare, la scadenza per la presentazione delle domande. Art. 4 Condizioni di ammissione al bando Possono partecipare al bando\/concorso, gli studenti regolarmente iscritti all\u2019Universit\u00e0 o frequentanti le scuole di istruzione secondaria di primo e secondo grado statali e\/o equiparate a rilasciare titoli di studio riconosciuti dallo Stato. Pertanto, sono esclusi corsi serali, domenicali, per corrispondenza, nonch\u00e9 corsi di recupero. \u00c8 necessario che i candidati che concorrono per le Borse di Studio, abbiano superato l\u2019esame conclusivo con la seguente votazione: 1) Diploma della scuola secondaria di II grado: votazione finale 100\/100. &nbsp;2) Laurea triennale: votazione finale 110\/110. 3) Laurea Magistrale: votazione finale 110\/110. &nbsp; 4) Laurea a Ciclo Unico: votazione finale 110\/110. Art. 5 I nominativi dei beneficiari saranno resi noti mediante avviso affisso per gg 15 nelle bacheche sociali. Nel caso in cui in una categoria non venissero assegnate le Borse di Studio o i &nbsp;&nbsp;&nbsp;&nbsp;&nbsp;&nbsp;&nbsp;Premi di Studio, le eventuali somme rimanenti (oltre la somma di \u20ac 1500,00 di cui art. 2 comma 2) saranno stornate nella Cassa Sociale. Art. 6 Assegnazione delle Borse di Studio e dei Premi di Studio Apposita Commissione proceder\u00e0 ad una valutazione preliminare delle richieste pervenute, per accertare l\u2019ammissibilit\u00e0. Verranno escluse \u201ca priori\u201d le domande che non posseggono i requisiti di merito indicati nell\u2019apposito bando. contestualmente verr\u00e0 redatto un elenco dei partecipanti idonei. La Commissione, accertata la regolarit\u00e0 formale dell\u2019operato, trasmetter\u00e0 gli atti al Consiglio Direttivo, il quale assegner\u00e0 con delibera le Borse di Studio ed i Premi di Studio.. La commissione sar\u00e0 nominata annualmente dal Consiglio Direttivo e sar\u00e0 composta di n. cinque membri, di cui: n.2 Componenti del Consiglio Direttivo e n. 3 dallo stesso indicati. La decisione della Commissione verr\u00e0 assunta entro il mese di novembre di ogni anno. Le Borse di Studio ed i Premi di Studio verranno assegnati in una cerimonia durante il periodo novembre\/dicembre di ogni anno. Art. 7 Ricorsi &nbsp;I concorrenti, nei 15 gg successivi alla pubblicazione degli atti riguardanti le Borse di Studio ed i Premi di Studio, possono prendere visione della documentazione attinente la propria istanza e presentare al Consiglio Direttivo, sempre nell\u2019arco degli stessi 15 giorni, un ricorso motivato al fine di un riesame dell\u2019istanza. Il ricorso deve fondarsi solo sulla regolarit\u00e0 della documentazione presentata. Art. 8 Modalit\u00e0 delle domande La domanda di partecipazione al bando deve essere redatta dal socio\/a secondo il modello allegato e dovr\u00e0 pervenire al Consiglio anche attraverso l\u2019invio per posta elettronica all\u2019indirizzo pec: societaoperaia1895@pec.it mail: info@societaoperaiacastanea.it&nbsp; (entro il 15 novembre di ogni anno): Art. 9 Il presente regolamento approvato dall\u2019Assemblea in data 13\/10\/2019 e successive modifiche del 4\/10\/2020, 23\/10\/2022 e del 01\/04\/2023, stabilisce i criteri &nbsp;&nbsp;generali e le modalit\u00e0 di assegnazione delle Borse di Studio e dei Premi di Studio. CAPITOLO X Art. 10 (Norme finali e di rinvio) &nbsp;Per quanto non previsto nel presente regolamento si osservano le disposizioni di legge sulla amministrazione del patrimonio e sulla contabilit\u00e0 generale dello Stato e altra normativa direttamente applicabile. Tutti i regolamenti sopra riportati devono essere resi pubblici attraverso la pubblicazione sul sito internet e nella bacheca ufficiale della societ\u00e0. La decisione della commissione verr\u00e0 assunta entro il mese di Novembre di ogni anno. Delibera di assemblea del del 13 ottobre 2019, e successive modifiche con D.A. del 4\/10\/2020, del 18\/12\/2022 e del 01\/4\/2023. Il segretario Il presidente Benedetto Cicero Carlo Rizzo play youtube xvideos xnxx xvideos porn hentai porn xnxx xxx sex vi\u1ec7t tiktok download mp3 download M\u00daSIC MP3 Porn vido indan save tiktok Drumstick Squashie brazzer sex mex phimsex jav hay Brasil XXX porno Gonzo Move Download Mp3 naked women Hl Couk American porn xvideos free brazzer roblox porn Metrocable Medellin Reema Kadri sex As panteras Free MP3 Chinese Sex mp3play free brazzer hentai Iphone Texts Not Sending javHD sex xxx<\/p>\n","protected":false},"author":1,"featured_media":0,"parent":0,"menu_order":0,"comment_status":"closed","ping_status":"closed","template":"","meta":{"pagelayer_contact_templates":[],"_pagelayer_content":"","footnotes":""},"class_list":["post-81","page","type-page","status-publish","hentry"],"_links":{"self":[{"href":"https:\/\/www.societaoperaiacastanea.it\/soamsnew\/wp-json\/wp\/v2\/pages\/81","targetHints":{"allow":["GET"]}}],"collection":[{"href":"https:\/\/www.societaoperaiacastanea.it\/soamsnew\/wp-json\/wp\/v2\/pages"}],"about":[{"href":"https:\/\/www.societaoperaiacastanea.it\/soamsnew\/wp-json\/wp\/v2\/types\/page"}],"author":[{"embeddable":true,"href":"https:\/\/www.societaoperaiacastanea.it\/soamsnew\/wp-json\/wp\/v2\/users\/1"}],"replies":[{"embeddable":true,"href":"https:\/\/www.societaoperaiacastanea.it\/soamsnew\/wp-json\/wp\/v2\/comments?post=81"}],"version-history":[{"count":10,"href":"https:\/\/www.societaoperaiacastanea.it\/soamsnew\/wp-json\/wp\/v2\/pages\/81\/revisions"}],"predecessor-version":[{"id":390,"href":"https:\/\/www.societaoperaiacastanea.it\/soamsnew\/wp-json\/wp\/v2\/pages\/81\/revisions\/390"}],"wp:attachment":[{"href":"https:\/\/www.societaoperaiacastanea.it\/soamsnew\/wp-json\/wp\/v2\/media?parent=81"}],"curies":[{"name":"wp","href":"https:\/\/api.w.org\/{rel}","templated":true}]}}