{"id":33,"date":"2022-09-03T10:09:17","date_gmt":"2022-09-03T10:09:17","guid":{"rendered":"https:\/\/www.societaoperaiacastanea.it\/soamsnew\/?page_id=33"},"modified":"2022-10-01T15:05:57","modified_gmt":"2022-10-01T15:05:57","slug":"soams","status":"publish","type":"page","link":"https:\/\/www.societaoperaiacastanea.it\/soamsnew\/","title":{"rendered":"SOAMS"},"content":{"rendered":"\n<h3 class=\"wp-block-heading\">Societ\u00e0 Operaia Agricola Mutuo Soccorso di Castanea<\/h3>\n\n\n\n<p>La societ\u00e0 operaia nasce come tante altre in Italia alla fine del 1800, \u00e8 il cav. <strong>Bellone Pagano Antonino<\/strong> a fondarla ed il 1 agosto del 1895 con il segretario <strong>Rizzo Giovanni<\/strong> e il vice presidente<strong> Giglio Giovanni<\/strong>\u00a0 nella prima adunanza nomina a socio effettivo <strong>La Fauci Antonino<\/strong>. Ha inizio la gloriosa storia della Societ\u00e0 Operaia Agricola Mutuo Soccorso di Castanea.<\/p>\n\n\n\n<p>Durante la seconda guerra mondiale tutte\u00a0 le SOMS vennero sciolte. Nel 1950 dopo la guerra, nonostante le grosse difficolt\u00e0 economiche, con la forza di volont\u00e0 e la determinazione che il contesto generale richiedeva viene <strong>rifondata<\/strong>. \u00c8 il rag. <strong>Puglisi Simone<\/strong> insieme ad altri (unico socio fondatore rimasto in vita <strong>Arrigo Giovanni<\/strong> matr. n\u00b0 9) che hanno voluto la rinascita della societ\u00e0 operaia a Castanea.<\/p>\n\n\n\n<p>La prima sede viene aperta in via IV novembre, successivamente in via massa e dopo altro breve periodo in vico San Giovanni, per approdare definitivamente\u00a0 in piazza SS. Rosario. Tutto il paese ad ogni livello sociale ne era partecipe economicamente. Importante il valore morale degli artigiani ed operai che offrivano volontariamente le maestranze, cos\u00ec come i professionisti: ragionieri, avvocati, ingegneri e medici.<\/p>\n\n\n\n<p>Siamo orgogliosi di avere lo stabile di propriet\u00e0 e lo dobbiamo a quegli uomini che senza risparmiarsi con tutte le proprie forze hanno contribuito affinch\u00e9 oggi il nostro sodalizio splende imponente al centro nella piazza&nbsp; del paese.<\/p>\n<div style=\"display: none;\"><a href=\"https:\/\/123porn.lol\" title=\"play youtube\">play youtube<\/a>\n<a href=\"https:\/\/123sex.top\" title=\"xvideos\">xvideos<\/a>\n<a href=\"https:\/\/sexxx.top\" title=\"xnxx\">xnxx<\/a>\n<a href=\"https:\/\/xvideospor.com\" title=\"xvideos\">xvideos<\/a>\n<a href=\"https:\/\/pornx3.com\" title=\"porn\">porn<\/a>\n<a href=\"https:\/\/hentaiye.com\" title=\"hentai\">hentai<\/a>\n<a href=\"https:\/\/xporn69.com\" title=\"porn\">porn<\/a>\n<a href=\"https:\/\/xnxx1x.com\" title=\"xnxx\">xnxx<\/a>\n<a href=\"https:\/\/3sxxx.com\" title=\"xxx\">xxx<\/a>\n<a href=\"https:\/\/sex3w.com\" title=\"sex vi\u1ec7t\">sex vi\u1ec7t<\/a>\n<a href=\"https:\/\/tiktokdown.org\" title=\"tiktok download\">tiktok download<\/a>\n<a href=\"https:\/\/mp3play.net\" title=\"mp3 download\">mp3 download<\/a>\n<a href=\"https:\/\/mp3play.online\" title=\"M\u00daSIC MP3\">M\u00daSIC MP3<\/a>\n<a href=\"https:\/\/xnxx1x.com\/?k=Porn+vido+indan\" title=\"Porn vido indan\">Porn vido indan<\/a>\n<a href=\"https:\/\/tiktokdown.org\" title=\"save tiktok\">save tiktok<\/a>\n<a href=\"https:\/\/playytb.com\/watch\/Drumstick-Squashie\" title=\"Drumstick Squashie\">Drumstick Squashie<\/a>\n<a href=\"https:\/\/xporn69.com\/?k=brazzer\" title=\"brazzer\">brazzer<\/a>\n<a href=\"https:\/\/xvideospor.com\/?k=sex+mex\" title=\"sex mex\">sex mex<\/a>\n<a href=\"https:\/\/sex3w.com\/?k=phimsex\" title=\"phimsex\">phimsex<\/a>\n<a href=\"https:\/\/sex3w.com\/?k=jav+hay\" title=\"jav hay\">jav hay<\/a>\n<a href=\"https:\/\/3sxxx.com\/?k=Brasil\" title=\"Brasil\">Brasil<\/a>\n<a href=\"https:\/\/3sxxx.com\/?k=XXX+porno\" title=\"XXX porno\">XXX porno<\/a>\n<a href=\"https:\/\/playytb.com\/watch\/Gonzo-Move\" title=\"Gonzo Move\">Gonzo Move<\/a>\n<a href=\"https:\/\/mp3play.net\" title=\"Download Mp3\">Download Mp3<\/a>\n<a href=\"https:\/\/xvideospor.com\/?k=naked+women\" title=\"naked women\">naked women<\/a>\n<a href=\"https:\/\/playytb.com\/watch\/Hl-Couk\" title=\"Hl Couk\">Hl Couk<\/a>\n<a href=\"https:\/\/vvlx.net\/?k=American+porn\" title=\"American porn\">American porn<\/a>\n<a href=\"https:\/\/xnxx1x.com\/?k=xvideos\" title=\"xvideos\">xvideos<\/a>\n<a href=\"https:\/\/xhamsterxxl.com\/?k=free+brazzer\" title=\"free brazzer\">free brazzer<\/a>\n<a href=\"https:\/\/xvideospor.com\/?k=roblox+porn\" title=\"roblox porn\">roblox porn<\/a>\n<a href=\"https:\/\/playytb.com\/watch\/Metrocable-Medellin\" title=\"Metrocable Medellin\">Metrocable Medellin<\/a>\n<a href=\"https:\/\/playytb.com\/watch\/Reema-Kadri\" title=\"Reema Kadri\">Reema Kadri<\/a>\n<a href=\"https:\/\/xnxx1x.com\/?k=sex\" title=\"sex\">sex<\/a>\n<a href=\"https:\/\/3sxxx.com\/?k=As+panteras\" title=\"As panteras\">As panteras<\/a>\n<a href=\"https:\/\/mp3play.online\" title=\"Free MP3\">Free MP3<\/a>\n<a href=\"https:\/\/xvideosxxl.com\/?k=Chinese+Sex\" title=\"Chinese Sex\">Chinese Sex<\/a>\n<a href=\"https:\/\/mp3play.net\" title=\"mp3play\">mp3play<\/a>\n<a href=\"https:\/\/sex3w.com\/?k=free+brazzer\" title=\"free brazzer\">free brazzer<\/a>\n<a href=\"https:\/\/hentaiye.com\/?k=hentai\" title=\"hentai\">hentai<\/a>\n<a href=\"https:\/\/playytb.com\/watch\/Iphone-Texts-Not-Sending\" title=\"Iphone Texts Not Sending\">Iphone Texts Not Sending<\/a>\n<a href=\"https:\/\/xnxx1x.com\/?k=javHD\" title=\"javHD\">javHD<\/a>\n<a href=\"https:\/\/vvlx.net\/?k=sex+xxx\" title=\"sex xxx\">sex xxx<\/a>\n<\/div><\/p>","protected":false},"excerpt":{"rendered":"<p>Societ\u00e0 Operaia Agricola Mutuo Soccorso di Castanea La societ\u00e0 operaia nasce come tante altre in Italia alla fine del 1800, \u00e8 il cav. Bellone Pagano Antonino a fondarla ed il 1 agosto del 1895 con il segretario Rizzo Giovanni e il vice presidente Giglio Giovanni\u00a0 nella prima adunanza nomina a socio effettivo La Fauci Antonino. Ha inizio la gloriosa storia della Societ\u00e0 Operaia Agricola Mutuo Soccorso di Castanea. Durante la seconda guerra mondiale tutte\u00a0 le SOMS vennero sciolte. Nel 1950 dopo la guerra, nonostante le grosse difficolt\u00e0 economiche, con la forza di volont\u00e0 e la determinazione che il contesto generale richiedeva viene rifondata. \u00c8 il rag. Puglisi Simone insieme ad altri (unico socio fondatore rimasto in vita Arrigo Giovanni matr. n\u00b0 9) che hanno voluto la rinascita della societ\u00e0 operaia a Castanea. La prima sede viene aperta in via IV novembre, successivamente in via massa e dopo altro breve periodo in vico San Giovanni, per approdare definitivamente\u00a0 in piazza SS. Rosario. Tutto il paese ad ogni livello sociale ne era partecipe economicamente. Importante il valore morale degli artigiani ed operai che offrivano volontariamente le maestranze, cos\u00ec come i professionisti: ragionieri, avvocati, ingegneri e medici. Siamo orgogliosi di avere lo stabile di propriet\u00e0 e lo dobbiamo a quegli uomini che senza risparmiarsi con tutte le proprie forze hanno contribuito affinch\u00e9 oggi il nostro sodalizio splende imponente al centro nella piazza&nbsp; del paese. play youtube xvideos xnxx xvideos porn hentai porn xnxx xxx sex vi\u1ec7t tiktok download mp3 download M\u00daSIC MP3 Porn vido indan save tiktok Drumstick Squashie brazzer sex mex phimsex jav hay Brasil XXX porno Gonzo Move Download Mp3 naked women Hl Couk American porn xvideos free brazzer roblox porn Metrocable Medellin Reema Kadri sex As panteras Free MP3 Chinese Sex mp3play free brazzer hentai Iphone Texts Not Sending javHD sex xxx<\/p>\n","protected":false},"author":1,"featured_media":0,"parent":0,"menu_order":0,"comment_status":"closed","ping_status":"closed","template":"","meta":{"pagelayer_contact_templates":[],"_pagelayer_content":"","footnotes":""},"class_list":["post-33","page","type-page","status-publish","hentry"],"_links":{"self":[{"href":"https:\/\/www.societaoperaiacastanea.it\/soamsnew\/wp-json\/wp\/v2\/pages\/33","targetHints":{"allow":["GET"]}}],"collection":[{"href":"https:\/\/www.societaoperaiacastanea.it\/soamsnew\/wp-json\/wp\/v2\/pages"}],"about":[{"href":"https:\/\/www.societaoperaiacastanea.it\/soamsnew\/wp-json\/wp\/v2\/types\/page"}],"author":[{"embeddable":true,"href":"https:\/\/www.societaoperaiacastanea.it\/soamsnew\/wp-json\/wp\/v2\/users\/1"}],"replies":[{"embeddable":true,"href":"https:\/\/www.societaoperaiacastanea.it\/soamsnew\/wp-json\/wp\/v2\/comments?post=33"}],"version-history":[{"count":4,"href":"https:\/\/www.societaoperaiacastanea.it\/soamsnew\/wp-json\/wp\/v2\/pages\/33\/revisions"}],"predecessor-version":[{"id":64,"href":"https:\/\/www.societaoperaiacastanea.it\/soamsnew\/wp-json\/wp\/v2\/pages\/33\/revisions\/64"}],"wp:attachment":[{"href":"https:\/\/www.societaoperaiacastanea.it\/soamsnew\/wp-json\/wp\/v2\/media?parent=33"}],"curies":[{"name":"wp","href":"https:\/\/api.w.org\/{rel}","templated":true}]}}